{"id":201,"date":"2022-04-26T09:43:28","date_gmt":"2022-04-26T07:43:28","guid":{"rendered":"http:\/\/corpsemotionsenergies.com\/?page_id=201"},"modified":"2022-11-19T19:00:58","modified_gmt":"2022-11-19T18:00:58","slug":"soins-energetiques","status":"publish","type":"page","link":"https:\/\/corpsemotionsenergies.com\/index.php\/soins-energetiques\/","title":{"rendered":"SOINS \u00c9NERG\u00c9TIQUES"},"content":{"rendered":"\t\t<div data-elementor-type=\"wp-page\" data-elementor-id=\"201\" class=\"elementor elementor-201\">\n\t\t\t\t\t\t<section class=\"elementor-section elementor-top-section elementor-element elementor-element-0e05591 elementor-section-boxed elementor-section-height-default elementor-section-height-default\" data-id=\"0e05591\" data-element_type=\"section\">\n\t\t\t\t\t\t<div class=\"elementor-container elementor-column-gap-default\">\n\t\t\t\t\t<div class=\"elementor-column elementor-col-50 elementor-top-column elementor-element elementor-element-0226761\" data-id=\"0226761\" data-element_type=\"column\">\n\t\t\t<div class=\"elementor-widget-wrap elementor-element-populated\">\n\t\t\t\t\t\t<div class=\"elementor-element elementor-element-2615231 elementor-widget elementor-widget-text-editor\" data-id=\"2615231\" data-element_type=\"widget\" data-widget_type=\"text-editor.default\">\n\t\t\t\t<div class=\"elementor-widget-container\">\n\t\t\t\t\t\t\t\t\t<p style=\"text-align: center;\">Originaires de diff\u00e9rentes pratiques comme le chamanisme, l&rsquo;ayurveda, la m\u00e9decine traditionnelle chinoise, le magn\u00e9tisme et d&rsquo;autres&#8230;<\/p><p style=\"text-align: center;\">Les soins \u00e9nerg\u00e9tiques, comme je les pratique, consistent \u00e0 :<\/p><p>&#8211; <span style=\"color: #1c8fa0;\"><strong>nettoyer<\/strong><\/span> les diff\u00e9rents lieux de blocages, n\u0153uds, troubles, qui se logent dans nos corps et qui peuvent \u00eatre d&rsquo;origine \u00e9motionnelle.<\/p><p>&#8211; <strong><span style=\"color: #1c8fa0;\">favoriser la circulation<\/span><\/strong> des flux \u00e9nerg\u00e9tiques et l&rsquo;\u00e9quilibre des polarit\u00e9s.<\/p><p><strong>&#8211; <span style=\"color: #1c8fa0;\">recharger nos corps<\/span><\/strong> en \u00e9nergies b\u00e9n\u00e9fiques.<\/p>\t\t\t\t\t\t\t\t<\/div>\n\t\t\t\t<\/div>\n\t\t\t\t\t<\/div>\n\t\t<\/div>\n\t\t\t\t<div class=\"elementor-column elementor-col-50 elementor-top-column elementor-element elementor-element-9b962e4\" data-id=\"9b962e4\" data-element_type=\"column\">\n\t\t\t<div class=\"elementor-widget-wrap elementor-element-populated\">\n\t\t\t\t\t\t<div class=\"elementor-element elementor-element-92f01d3 elementor-widget elementor-widget-image\" data-id=\"92f01d3\" data-element_type=\"widget\" data-widget_type=\"image.default\">\n\t\t\t\t<div class=\"elementor-widget-container\">\n\t\t\t\t\t\t\t\t\t\t\t\t\t\t\t<img fetchpriority=\"high\" decoding=\"async\" width=\"1709\" height=\"2560\" src=\"https:\/\/corpsemotionsenergies.com\/wp-content\/uploads\/2022\/07\/K\u00aevin_Coma-10-scaled.jpg\" class=\"attachment-full size-full wp-image-1705\" alt=\"#soin\u00e0distance #soin\u00e9nerg\u00e9tique #bio\u00e9nergie #corps\u00e9motions\u00e9nergies #coaching\u00e9motionnel\" srcset=\"https:\/\/corpsemotionsenergies.com\/wp-content\/uploads\/2022\/07\/K\u00aevin_Coma-10-scaled.jpg 1709w, https:\/\/corpsemotionsenergies.com\/wp-content\/uploads\/2022\/07\/K\u00aevin_Coma-10-200x300.jpg 200w, https:\/\/corpsemotionsenergies.com\/wp-content\/uploads\/2022\/07\/K\u00aevin_Coma-10-684x1024.jpg 684w, https:\/\/corpsemotionsenergies.com\/wp-content\/uploads\/2022\/07\/K\u00aevin_Coma-10-768x1150.jpg 768w, https:\/\/corpsemotionsenergies.com\/wp-content\/uploads\/2022\/07\/K\u00aevin_Coma-10-1025x1536.jpg 1025w, https:\/\/corpsemotionsenergies.com\/wp-content\/uploads\/2022\/07\/K\u00aevin_Coma-10-1367x2048.jpg 1367w\" sizes=\"(max-width: 1709px) 100vw, 1709px\" \/>\t\t\t\t\t\t\t\t\t\t\t\t\t\t\t<\/div>\n\t\t\t\t<\/div>\n\t\t\t\t\t<\/div>\n\t\t<\/div>\n\t\t\t\t\t<\/div>\n\t\t<\/section>\n\t\t\t\t<section class=\"elementor-section elementor-top-section elementor-element elementor-element-c805157 elementor-section-boxed elementor-section-height-default elementor-section-height-default\" data-id=\"c805157\" data-element_type=\"section\">\n\t\t\t\t\t\t<div class=\"elementor-container elementor-column-gap-default\">\n\t\t\t\t\t<div class=\"elementor-column elementor-col-100 elementor-top-column elementor-element elementor-element-c1edf63\" data-id=\"c1edf63\" data-element_type=\"column\">\n\t\t\t<div class=\"elementor-widget-wrap elementor-element-populated\">\n\t\t\t\t\t\t<div class=\"elementor-element elementor-element-b9c3bb9 elementor-widget elementor-widget-text-editor\" data-id=\"b9c3bb9\" data-element_type=\"widget\" data-widget_type=\"text-editor.default\">\n\t\t\t\t<div class=\"elementor-widget-container\">\n\t\t\t\t\t\t\t\t\t<p style=\"text-align: center;\">Mon exp\u00e9rience dans le domaine me permet de mesurer que <br \/>les effets d&rsquo;un soin \u00e9nerg\u00e9tique sont optimis\u00e9s par <br \/>la <strong><span style=\"color: #1c8fa0;\">PRISE DE CONSCIENCE<\/span><\/strong> et la <strong><span style=\"color: #1c8fa0;\">VERBALISATION<\/span><\/strong>.<\/p><p style=\"text-align: center;\">Je t&rsquo;invite fortement \u00e0 profiter de ma posture d&rsquo;<span style=\"color: #1c8fa0;\">\u00e9coute \u00ab\u00a0empathique\u00a0\u00bb<\/span> pour travailler ensemble sur tes blessures du pass\u00e9 et du pr\u00e9sent. <br \/>Ainsi tu pourras envisager un avenir plus fluide et plus l\u00e9ger.<\/p>\t\t\t\t\t\t\t\t<\/div>\n\t\t\t\t<\/div>\n\t\t\t\t<div class=\"elementor-element elementor-element-dafd6d7 elementor-widget elementor-widget-text-editor\" data-id=\"dafd6d7\" data-element_type=\"widget\" data-widget_type=\"text-editor.default\">\n\t\t\t\t<div class=\"elementor-widget-container\">\n\t\t\t\t\t\t\t\t\t<p style=\"text-align: center;\">En choisissant une <span style=\"text-decoration: underline;\">formule d&rsquo;accompagnement <strong>ax\u00e9e sur l&rsquo;apprentissage<\/strong><\/span>, <br \/>je t&rsquo;enseigne de nombreuses techniques pour entretenir le fluide \u00e9nerg\u00e9tique qui traverse l&rsquo;ensemble de nos \u00ab\u00a0corps\u00a0\u00bb.\u00a0<\/p><p style=\"text-align: center;\">Une approche sur le dynamisme de nos m\u00e9ridiens.<\/p>\t\t\t\t\t\t\t\t<\/div>\n\t\t\t\t<\/div>\n\t\t\t\t\t<\/div>\n\t\t<\/div>\n\t\t\t\t\t<\/div>\n\t\t<\/section>\n\t\t\t\t<section class=\"elementor-section elementor-top-section elementor-element elementor-element-10c8f3b elementor-section-boxed elementor-section-height-default elementor-section-height-default\" data-id=\"10c8f3b\" data-element_type=\"section\">\n\t\t\t\t\t\t<div class=\"elementor-container elementor-column-gap-default\">\n\t\t\t\t\t<div class=\"elementor-column elementor-col-33 elementor-top-column elementor-element elementor-element-b0f3901\" data-id=\"b0f3901\" data-element_type=\"column\">\n\t\t\t<div class=\"elementor-widget-wrap elementor-element-populated\">\n\t\t\t\t\t\t<div class=\"elementor-element elementor-element-ac5cbf1 elementor-widget elementor-widget-heading\" data-id=\"ac5cbf1\" data-element_type=\"widget\" data-widget_type=\"heading.default\">\n\t\t\t\t<div class=\"elementor-widget-container\">\n\t\t\t\t\t<h2 class=\"elementor-heading-title elementor-size-default\">Durant un soin \u00e9nerg\u00e9tique<\/h2>\t\t\t\t<\/div>\n\t\t\t\t<\/div>\n\t\t\t\t<div class=\"elementor-element elementor-element-2c6cc72 elementor-widget elementor-widget-text-editor\" data-id=\"2c6cc72\" data-element_type=\"widget\" data-widget_type=\"text-editor.default\">\n\t\t\t\t<div class=\"elementor-widget-container\">\n\t\t\t\t\t\t\t\t\t<p style=\"text-align: center;\">Tu te laisses faire&#8230;<br \/>Tu poses ton attention sur tes sensations et les \u00e9motions en pr\u00e9sence.<\/p>\t\t\t\t\t\t\t\t<\/div>\n\t\t\t\t<\/div>\n\t\t\t\t\t<\/div>\n\t\t<\/div>\n\t\t\t\t<div class=\"elementor-column elementor-col-33 elementor-top-column elementor-element elementor-element-8a6ad8c\" data-id=\"8a6ad8c\" data-element_type=\"column\">\n\t\t\t<div class=\"elementor-widget-wrap elementor-element-populated\">\n\t\t\t\t\t\t<div class=\"elementor-element elementor-element-6952640 elementor-widget elementor-widget-heading\" data-id=\"6952640\" data-element_type=\"widget\" data-widget_type=\"heading.default\">\n\t\t\t\t<div class=\"elementor-widget-container\">\n\t\t\t\t\t<h2 class=\"elementor-heading-title elementor-size-default\">Un temps d'\u00e9coute empathique<\/h2>\t\t\t\t<\/div>\n\t\t\t\t<\/div>\n\t\t\t\t<div class=\"elementor-element elementor-element-b8fe62f elementor-widget elementor-widget-text-editor\" data-id=\"b8fe62f\" data-element_type=\"widget\" data-widget_type=\"text-editor.default\">\n\t\t\t\t<div class=\"elementor-widget-container\">\n\t\t\t\t\t\t\t\t\t<div style=\"text-align: center;\">Si tu en as l&rsquo;\u00e9lan, nous pouvons s&rsquo;aventurer \u00e0 explorer les chocs \u00e9motionnels v\u00e9cus, pour lib\u00e9rer par la <span style=\"color: #1c8fa0;\"><strong>verbalisation.<\/strong><\/span><\/div>\t\t\t\t\t\t\t\t<\/div>\n\t\t\t\t<\/div>\n\t\t\t\t\t<\/div>\n\t\t<\/div>\n\t\t\t\t<div class=\"elementor-column elementor-col-33 elementor-top-column elementor-element elementor-element-cce72f2\" data-id=\"cce72f2\" data-element_type=\"column\">\n\t\t\t<div class=\"elementor-widget-wrap elementor-element-populated\">\n\t\t\t\t\t\t<div class=\"elementor-element elementor-element-719eb30 elementor-widget elementor-widget-heading\" data-id=\"719eb30\" data-element_type=\"widget\" data-widget_type=\"heading.default\">\n\t\t\t\t<div class=\"elementor-widget-container\">\n\t\t\t\t\t<h2 class=\"elementor-heading-title elementor-size-default\">L'activation des m\u00e9ridiens  (notre circuit \u00e9nerg\u00e9tique)<\/h2>\t\t\t\t<\/div>\n\t\t\t\t<\/div>\n\t\t\t\t<div class=\"elementor-element elementor-element-c5f2b3f elementor-widget elementor-widget-text-editor\" data-id=\"c5f2b3f\" data-element_type=\"widget\" data-widget_type=\"text-editor.default\">\n\t\t\t\t<div class=\"elementor-widget-container\">\n\t\t\t\t\t\t\t\t\t<p style=\"text-align: center;\">Apprends \u00e0 favoriser le circuit libre des \u00e9nergies qui te traversent en jouant avec des techniques du quotidien.<\/p>\t\t\t\t\t\t\t\t<\/div>\n\t\t\t\t<\/div>\n\t\t\t\t\t<\/div>\n\t\t<\/div>\n\t\t\t\t\t<\/div>\n\t\t<\/section>\n\t\t\t\t<section class=\"elementor-section elementor-top-section elementor-element elementor-element-c9a8536 elementor-section-boxed elementor-section-height-default elementor-section-height-default\" data-id=\"c9a8536\" data-element_type=\"section\">\n\t\t\t\t\t\t<div class=\"elementor-container elementor-column-gap-default\">\n\t\t\t\t\t<div class=\"elementor-column elementor-col-100 elementor-top-column elementor-element elementor-element-7e6304b\" data-id=\"7e6304b\" data-element_type=\"column\">\n\t\t\t<div class=\"elementor-widget-wrap elementor-element-populated\">\n\t\t\t\t\t\t<div class=\"elementor-element elementor-element-00a3a57 elementor-widget elementor-widget-image\" data-id=\"00a3a57\" data-element_type=\"widget\" data-widget_type=\"image.default\">\n\t\t\t\t<div class=\"elementor-widget-container\">\n\t\t\t\t\t\t\t\t\t\t\t\t\t\t\t<img decoding=\"async\" width=\"4164\" height=\"396\" src=\"https:\/\/corpsemotionsenergies.com\/wp-content\/uploads\/2022\/07\/Bas-de-pagePlan-de-travail-1@4x.png\" class=\"attachment-full size-full wp-image-1576\" alt=\"#corps\u00e9motions\u00e9nergies\" srcset=\"https:\/\/corpsemotionsenergies.com\/wp-content\/uploads\/2022\/07\/Bas-de-pagePlan-de-travail-1@4x.png 4164w, https:\/\/corpsemotionsenergies.com\/wp-content\/uploads\/2022\/07\/Bas-de-pagePlan-de-travail-1@4x-300x29.png 300w, https:\/\/corpsemotionsenergies.com\/wp-content\/uploads\/2022\/07\/Bas-de-pagePlan-de-travail-1@4x-1024x97.png 1024w, https:\/\/corpsemotionsenergies.com\/wp-content\/uploads\/2022\/07\/Bas-de-pagePlan-de-travail-1@4x-768x73.png 768w, https:\/\/corpsemotionsenergies.com\/wp-content\/uploads\/2022\/07\/Bas-de-pagePlan-de-travail-1@4x-1536x146.png 1536w, https:\/\/corpsemotionsenergies.com\/wp-content\/uploads\/2022\/07\/Bas-de-pagePlan-de-travail-1@4x-2048x195.png 2048w\" sizes=\"(max-width: 4164px) 100vw, 4164px\" \/>\t\t\t\t\t\t\t\t\t\t\t\t\t\t\t<\/div>\n\t\t\t\t<\/div>\n\t\t\t\t\t<\/div>\n\t\t<\/div>\n\t\t\t\t\t<\/div>\n\t\t<\/section>\n\t\t\t\t<section class=\"elementor-section elementor-top-section elementor-element elementor-element-e06c781 elementor-section-boxed elementor-section-height-default elementor-section-height-default\" data-id=\"e06c781\" data-element_type=\"section\">\n\t\t\t\t\t\t<div class=\"elementor-container elementor-column-gap-default\">\n\t\t\t\t\t<div class=\"elementor-column elementor-col-100 elementor-top-column elementor-element elementor-element-feafa61\" data-id=\"feafa61\" data-element_type=\"column\">\n\t\t\t<div class=\"elementor-widget-wrap elementor-element-populated\">\n\t\t\t\t\t\t<div class=\"elementor-element elementor-element-12d6053 elementor-widget elementor-widget-heading\" data-id=\"12d6053\" data-element_type=\"widget\" data-widget_type=\"heading.default\">\n\t\t\t\t<div class=\"elementor-widget-container\">\n\t\t\t\t\t<h2 class=\"elementor-heading-title elementor-size-default\">Afin d'\u00e9laborer le plan d'actions le plus efficace en fonction de ta demande, <br>je t'invite \u00e0 remplir le <b>FORMULAIRE de PR\u00c9SENTATION<\/b> en <b>cliquant sur ce bouton.<\/b><\/h2>\t\t\t\t<\/div>\n\t\t\t\t<\/div>\n\t\t\t\t<div class=\"elementor-element elementor-element-de27d25 elementor-align-center elementor-widget elementor-widget-button\" data-id=\"de27d25\" data-element_type=\"widget\" data-widget_type=\"button.default\">\n\t\t\t\t<div class=\"elementor-widget-container\">\n\t\t\t\t\t\t\t\t\t<div class=\"elementor-button-wrapper\">\n\t\t\t\t\t<a class=\"elementor-button elementor-button-link elementor-size-sm elementor-animation-grow\" href=\"https:\/\/forms.gle\/NTg74dj95LgJnakq8\" target=\"_blank\">\n\t\t\t\t\t\t<span class=\"elementor-button-content-wrapper\">\n\t\t\t\t\t\t\t\t\t<span class=\"elementor-button-text\">J'aimerais b\u00e9n\u00e9ficier d'un soin \u00e9nerg\u00e9tique... je me pr\u00e9sente <\/span>\n\t\t\t\t\t<\/span>\n\t\t\t\t\t<\/a>\n\t\t\t\t<\/div>\n\t\t\t\t\t\t\t\t<\/div>\n\t\t\t\t<\/div>\n\t\t\t\t<div class=\"elementor-element elementor-element-69bbeed elementor-icon-list--layout-inline elementor-align-center elementor-list-item-link-full_width elementor-widget elementor-widget-icon-list\" data-id=\"69bbeed\" data-element_type=\"widget\" data-widget_type=\"icon-list.default\">\n\t\t\t\t<div class=\"elementor-widget-container\">\n\t\t\t\t\t\t\t<ul class=\"elementor-icon-list-items elementor-inline-items\">\n\t\t\t\t\t\t\t<li class=\"elementor-icon-list-item elementor-inline-item\">\n\t\t\t\t\t\t\t\t\t\t\t<a href=\"https:\/\/www.instagram.com\/corps_emotions_energies\/\" target=\"_blank\">\n\n\t\t\t\t\t\t\t\t\t\t\t\t<span class=\"elementor-icon-list-icon\">\n\t\t\t\t\t\t\t<i aria-hidden=\"true\" class=\"fab fa-instagram\"><\/i>\t\t\t\t\t\t<\/span>\n\t\t\t\t\t\t\t\t\t\t<span class=\"elementor-icon-list-text\"><\/span>\n\t\t\t\t\t\t\t\t\t\t\t<\/a>\n\t\t\t\t\t\t\t\t\t<\/li>\n\t\t\t\t\t\t\t\t<li class=\"elementor-icon-list-item elementor-inline-item\">\n\t\t\t\t\t\t\t\t\t\t\t<a href=\"https:\/\/www.facebook.com\/CoachSportifEmotionnelSoinsEnergetique\" target=\"_blank\">\n\n\t\t\t\t\t\t\t\t\t\t\t\t<span class=\"elementor-icon-list-icon\">\n\t\t\t\t\t\t\t<i aria-hidden=\"true\" class=\"fab fa-facebook\"><\/i>\t\t\t\t\t\t<\/span>\n\t\t\t\t\t\t\t\t\t\t<span class=\"elementor-icon-list-text\"><\/span>\n\t\t\t\t\t\t\t\t\t\t\t<\/a>\n\t\t\t\t\t\t\t\t\t<\/li>\n\t\t\t\t\t\t\t\t<li class=\"elementor-icon-list-item elementor-inline-item\">\n\t\t\t\t\t\t\t\t\t\t\t<a href=\"https:\/\/www.youtube.com\/channel\/UCJO_R2mpoMLfzQ-wwH5Y_jg\" target=\"_blank\">\n\n\t\t\t\t\t\t\t\t\t\t\t\t<span class=\"elementor-icon-list-icon\">\n\t\t\t\t\t\t\t<i aria-hidden=\"true\" class=\"fab fa-youtube\"><\/i>\t\t\t\t\t\t<\/span>\n\t\t\t\t\t\t\t\t\t\t<span class=\"elementor-icon-list-text\"><\/span>\n\t\t\t\t\t\t\t\t\t\t\t<\/a>\n\t\t\t\t\t\t\t\t\t<\/li>\n\t\t\t\t\t\t<\/ul>\n\t\t\t\t\t\t<\/div>\n\t\t\t\t<\/div>\n\t\t\t\t\t<\/div>\n\t\t<\/div>\n\t\t\t\t\t<\/div>\n\t\t<\/section>\n\t\t\t\t<\/div>\n\t\t","protected":false},"excerpt":{"rendered":"<p>Originaires de diff\u00e9rentes pratiques comme le chamanisme, l&rsquo;ayurveda, la m\u00e9decine traditionnelle chinoise, le magn\u00e9tisme et d&rsquo;autres&#8230; Les soins \u00e9nerg\u00e9tiques, comme je les pratique, consistent \u00e0 : &#8211; nettoyer les diff\u00e9rents &#8230;<\/p>\n","protected":false},"author":1,"featured_media":0,"parent":0,"menu_order":0,"comment_status":"closed","ping_status":"closed","template":"template-fullwidth-stretched.php","meta":{"footnotes":""},"class_list":["post-201","page","type-page","status-publish","hentry"],"yoast_head":"<!-- This site is optimized with the Yoast SEO plugin v24.9 - https:\/\/yoast.com\/wordpress\/plugins\/seo\/ -->\n<title>SOINS \u00c9NERG\u00c9TIQUES ~ CORPS EMOTIONS ENERGIES<\/title>\n<meta name=\"description\" content=\"Nettoyer les blocages, favoriser la circulation des \u00e9nergies, recharger les corps en \u00e9nergie... faire le lien avec les chocs \u00e9motionnels.\" \/>\n<meta name=\"robots\" content=\"index, follow, max-snippet:-1, max-image-preview:large, max-video-preview:-1\" \/>\n<link rel=\"canonical\" href=\"https:\/\/corpsemotionsenergies.com\/index.php\/soins-energetiques\/\" \/>\n<meta property=\"og:locale\" content=\"fr_FR\" \/>\n<meta property=\"og:type\" content=\"article\" \/>\n<meta property=\"og:title\" content=\"SOINS \u00c9NERG\u00c9TIQUES ~ CORPS EMOTIONS ENERGIES\" \/>\n<meta property=\"og:description\" content=\"Nettoyer les blocages, favoriser la circulation des \u00e9nergies, recharger les corps en \u00e9nergie... faire le lien avec les chocs \u00e9motionnels.\" \/>\n<meta property=\"og:url\" content=\"https:\/\/corpsemotionsenergies.com\/index.php\/soins-energetiques\/\" \/>\n<meta property=\"og:site_name\" content=\"CORPS EMOTIONS ENERGIES\" \/>\n<meta property=\"article:publisher\" content=\"https:\/\/www.facebook.com\/CoachEpanouissementPersonnelPerformance\" \/>\n<meta property=\"article:modified_time\" content=\"2022-11-19T18:00:58+00:00\" \/>\n<meta property=\"og:image\" content=\"http:\/\/corpsemotionsenergies.com\/wp-content\/uploads\/2022\/07\/Bas-de-pagePlan-de-travail-1@4x.png\" \/>\n<meta name=\"twitter:card\" content=\"summary_large_image\" \/>\n<meta name=\"twitter:label1\" content=\"Est. reading time\" \/>\n\t<meta name=\"twitter:data1\" content=\"2 minutes\" \/>\n<script type=\"application\/ld+json\" class=\"yoast-schema-graph\">{\"@context\":\"https:\/\/schema.org\",\"@graph\":[{\"@type\":\"WebPage\",\"@id\":\"https:\/\/corpsemotionsenergies.com\/index.php\/soins-energetiques\/\",\"url\":\"https:\/\/corpsemotionsenergies.com\/index.php\/soins-energetiques\/\",\"name\":\"SOINS \u00c9NERG\u00c9TIQUES ~ CORPS EMOTIONS ENERGIES\",\"isPartOf\":{\"@id\":\"https:\/\/corpsemotionsenergies.com\/#website\"},\"primaryImageOfPage\":{\"@id\":\"https:\/\/corpsemotionsenergies.com\/index.php\/soins-energetiques\/#primaryimage\"},\"image\":{\"@id\":\"https:\/\/corpsemotionsenergies.com\/index.php\/soins-energetiques\/#primaryimage\"},\"thumbnailUrl\":\"http:\/\/corpsemotionsenergies.com\/wp-content\/uploads\/2022\/07\/Bas-de-pagePlan-de-travail-1@4x.png\",\"datePublished\":\"2022-04-26T07:43:28+00:00\",\"dateModified\":\"2022-11-19T18:00:58+00:00\",\"description\":\"Nettoyer les blocages, favoriser la circulation des \u00e9nergies, recharger les corps en \u00e9nergie... faire le lien avec les chocs \u00e9motionnels.\",\"breadcrumb\":{\"@id\":\"https:\/\/corpsemotionsenergies.com\/index.php\/soins-energetiques\/#breadcrumb\"},\"inLanguage\":\"fr-FR\",\"potentialAction\":[{\"@type\":\"ReadAction\",\"target\":[\"https:\/\/corpsemotionsenergies.com\/index.php\/soins-energetiques\/\"]}]},{\"@type\":\"ImageObject\",\"inLanguage\":\"fr-FR\",\"@id\":\"https:\/\/corpsemotionsenergies.com\/index.php\/soins-energetiques\/#primaryimage\",\"url\":\"https:\/\/corpsemotionsenergies.com\/wp-content\/uploads\/2022\/07\/Bas-de-pagePlan-de-travail-1@4x.png\",\"contentUrl\":\"https:\/\/corpsemotionsenergies.com\/wp-content\/uploads\/2022\/07\/Bas-de-pagePlan-de-travail-1@4x.png\",\"width\":4164,\"height\":396,\"caption\":\"#corps\u00e9motions\u00e9nergies\"},{\"@type\":\"BreadcrumbList\",\"@id\":\"https:\/\/corpsemotionsenergies.com\/index.php\/soins-energetiques\/#breadcrumb\",\"itemListElement\":[{\"@type\":\"ListItem\",\"position\":1,\"name\":\"Home\",\"item\":\"https:\/\/corpsemotionsenergies.com\/\"},{\"@type\":\"ListItem\",\"position\":2,\"name\":\"SOINS \u00c9NERG\u00c9TIQUES\"}]},{\"@type\":\"WebSite\",\"@id\":\"https:\/\/corpsemotionsenergies.com\/#website\",\"url\":\"https:\/\/corpsemotionsenergies.com\/\",\"name\":\"CORPS EMOTIONS ENERGIES\",\"description\":\"Vers une nouvelle dimension du Coaching\",\"publisher\":{\"@id\":\"https:\/\/corpsemotionsenergies.com\/#organization\"},\"potentialAction\":[{\"@type\":\"SearchAction\",\"target\":{\"@type\":\"EntryPoint\",\"urlTemplate\":\"https:\/\/corpsemotionsenergies.com\/?s={search_term_string}\"},\"query-input\":{\"@type\":\"PropertyValueSpecification\",\"valueRequired\":true,\"valueName\":\"search_term_string\"}}],\"inLanguage\":\"fr-FR\"},{\"@type\":\"Organization\",\"@id\":\"https:\/\/corpsemotionsenergies.com\/#organization\",\"name\":\"CORPS EMOTIONS ENERGIES\",\"url\":\"https:\/\/corpsemotionsenergies.com\/\",\"logo\":{\"@type\":\"ImageObject\",\"inLanguage\":\"fr-FR\",\"@id\":\"https:\/\/corpsemotionsenergies.com\/#\/schema\/logo\/image\/\",\"url\":\"https:\/\/corpsemotionsenergies.com\/wp-content\/uploads\/2022\/04\/cropped-Logo_Alpha-1-3.png\",\"contentUrl\":\"https:\/\/corpsemotionsenergies.com\/wp-content\/uploads\/2022\/04\/cropped-Logo_Alpha-1-3.png\",\"width\":813,\"height\":813,\"caption\":\"CORPS EMOTIONS ENERGIES\"},\"image\":{\"@id\":\"https:\/\/corpsemotionsenergies.com\/#\/schema\/logo\/image\/\"},\"sameAs\":[\"https:\/\/www.facebook.com\/CoachEpanouissementPersonnelPerformance\",\"https:\/\/www.instagram.com\/corps_emotions_energies\/\"]}]}<\/script>\n<!-- \/ Yoast SEO plugin. -->","yoast_head_json":{"title":"SOINS \u00c9NERG\u00c9TIQUES ~ CORPS EMOTIONS ENERGIES","description":"Nettoyer les blocages, favoriser la circulation des \u00e9nergies, recharger les corps en \u00e9nergie... faire le lien avec les chocs \u00e9motionnels.","robots":{"index":"index","follow":"follow","max-snippet":"max-snippet:-1","max-image-preview":"max-image-preview:large","max-video-preview":"max-video-preview:-1"},"canonical":"https:\/\/corpsemotionsenergies.com\/index.php\/soins-energetiques\/","og_locale":"fr_FR","og_type":"article","og_title":"SOINS \u00c9NERG\u00c9TIQUES ~ CORPS EMOTIONS ENERGIES","og_description":"Nettoyer les blocages, favoriser la circulation des \u00e9nergies, recharger les corps en \u00e9nergie... faire le lien avec les chocs \u00e9motionnels.","og_url":"https:\/\/corpsemotionsenergies.com\/index.php\/soins-energetiques\/","og_site_name":"CORPS EMOTIONS ENERGIES","article_publisher":"https:\/\/www.facebook.com\/CoachEpanouissementPersonnelPerformance","article_modified_time":"2022-11-19T18:00:58+00:00","og_image":[{"url":"http:\/\/corpsemotionsenergies.com\/wp-content\/uploads\/2022\/07\/Bas-de-pagePlan-de-travail-1@4x.png","type":"","width":"","height":""}],"twitter_card":"summary_large_image","twitter_misc":{"Est. reading time":"2 minutes"},"schema":{"@context":"https:\/\/schema.org","@graph":[{"@type":"WebPage","@id":"https:\/\/corpsemotionsenergies.com\/index.php\/soins-energetiques\/","url":"https:\/\/corpsemotionsenergies.com\/index.php\/soins-energetiques\/","name":"SOINS \u00c9NERG\u00c9TIQUES ~ CORPS EMOTIONS ENERGIES","isPartOf":{"@id":"https:\/\/corpsemotionsenergies.com\/#website"},"primaryImageOfPage":{"@id":"https:\/\/corpsemotionsenergies.com\/index.php\/soins-energetiques\/#primaryimage"},"image":{"@id":"https:\/\/corpsemotionsenergies.com\/index.php\/soins-energetiques\/#primaryimage"},"thumbnailUrl":"http:\/\/corpsemotionsenergies.com\/wp-content\/uploads\/2022\/07\/Bas-de-pagePlan-de-travail-1@4x.png","datePublished":"2022-04-26T07:43:28+00:00","dateModified":"2022-11-19T18:00:58+00:00","description":"Nettoyer les blocages, favoriser la circulation des \u00e9nergies, recharger les corps en \u00e9nergie... faire le lien avec les chocs \u00e9motionnels.","breadcrumb":{"@id":"https:\/\/corpsemotionsenergies.com\/index.php\/soins-energetiques\/#breadcrumb"},"inLanguage":"fr-FR","potentialAction":[{"@type":"ReadAction","target":["https:\/\/corpsemotionsenergies.com\/index.php\/soins-energetiques\/"]}]},{"@type":"ImageObject","inLanguage":"fr-FR","@id":"https:\/\/corpsemotionsenergies.com\/index.php\/soins-energetiques\/#primaryimage","url":"https:\/\/corpsemotionsenergies.com\/wp-content\/uploads\/2022\/07\/Bas-de-pagePlan-de-travail-1@4x.png","contentUrl":"https:\/\/corpsemotionsenergies.com\/wp-content\/uploads\/2022\/07\/Bas-de-pagePlan-de-travail-1@4x.png","width":4164,"height":396,"caption":"#corps\u00e9motions\u00e9nergies"},{"@type":"BreadcrumbList","@id":"https:\/\/corpsemotionsenergies.com\/index.php\/soins-energetiques\/#breadcrumb","itemListElement":[{"@type":"ListItem","position":1,"name":"Home","item":"https:\/\/corpsemotionsenergies.com\/"},{"@type":"ListItem","position":2,"name":"SOINS \u00c9NERG\u00c9TIQUES"}]},{"@type":"WebSite","@id":"https:\/\/corpsemotionsenergies.com\/#website","url":"https:\/\/corpsemotionsenergies.com\/","name":"CORPS EMOTIONS ENERGIES","description":"Vers une nouvelle dimension du Coaching","publisher":{"@id":"https:\/\/corpsemotionsenergies.com\/#organization"},"potentialAction":[{"@type":"SearchAction","target":{"@type":"EntryPoint","urlTemplate":"https:\/\/corpsemotionsenergies.com\/?s={search_term_string}"},"query-input":{"@type":"PropertyValueSpecification","valueRequired":true,"valueName":"search_term_string"}}],"inLanguage":"fr-FR"},{"@type":"Organization","@id":"https:\/\/corpsemotionsenergies.com\/#organization","name":"CORPS EMOTIONS ENERGIES","url":"https:\/\/corpsemotionsenergies.com\/","logo":{"@type":"ImageObject","inLanguage":"fr-FR","@id":"https:\/\/corpsemotionsenergies.com\/#\/schema\/logo\/image\/","url":"https:\/\/corpsemotionsenergies.com\/wp-content\/uploads\/2022\/04\/cropped-Logo_Alpha-1-3.png","contentUrl":"https:\/\/corpsemotionsenergies.com\/wp-content\/uploads\/2022\/04\/cropped-Logo_Alpha-1-3.png","width":813,"height":813,"caption":"CORPS EMOTIONS ENERGIES"},"image":{"@id":"https:\/\/corpsemotionsenergies.com\/#\/schema\/logo\/image\/"},"sameAs":["https:\/\/www.facebook.com\/CoachEpanouissementPersonnelPerformance","https:\/\/www.instagram.com\/corps_emotions_energies\/"]}]}},"_links":{"self":[{"href":"https:\/\/corpsemotionsenergies.com\/index.php\/wp-json\/wp\/v2\/pages\/201","targetHints":{"allow":["GET"]}}],"collection":[{"href":"https:\/\/corpsemotionsenergies.com\/index.php\/wp-json\/wp\/v2\/pages"}],"about":[{"href":"https:\/\/corpsemotionsenergies.com\/index.php\/wp-json\/wp\/v2\/types\/page"}],"author":[{"embeddable":true,"href":"https:\/\/corpsemotionsenergies.com\/index.php\/wp-json\/wp\/v2\/users\/1"}],"replies":[{"embeddable":true,"href":"https:\/\/corpsemotionsenergies.com\/index.php\/wp-json\/wp\/v2\/comments?post=201"}],"version-history":[{"count":97,"href":"https:\/\/corpsemotionsenergies.com\/index.php\/wp-json\/wp\/v2\/pages\/201\/revisions"}],"predecessor-version":[{"id":2271,"href":"https:\/\/corpsemotionsenergies.com\/index.php\/wp-json\/wp\/v2\/pages\/201\/revisions\/2271"}],"wp:attachment":[{"href":"https:\/\/corpsemotionsenergies.com\/index.php\/wp-json\/wp\/v2\/media?parent=201"}],"curies":[{"name":"wp","href":"https:\/\/api.w.org\/{rel}","templated":true}]}}